{"id":82,"date":"2020-06-03T20:55:10","date_gmt":"2020-06-03T17:55:10","guid":{"rendered":"http:\/\/demo.safirtema.com\/rota\/?page_id=82"},"modified":"2022-12-25T17:46:08","modified_gmt":"2022-12-25T14:46:08","slug":"about-us","status":"publish","type":"page","link":"https:\/\/www.rauvas.com\/ar\/about-us\/","title":{"rendered":"About Us"},"content":{"rendered":"\r\n<figure class=\"wp-block-image size-large\"><img decoding=\"async\" loading=\"lazy\" width=\"1024\" height=\"389\" class=\"wp-image-669\" src=\"https:\/\/www.rauvas.com\/ar\/wp-content\/uploads\/2022\/09\/55545-1024x389.png\" alt=\"\" srcset=\"https:\/\/www.rauvas.com\/ar\/wp-content\/uploads\/2022\/09\/55545-1024x389.png 1024w, https:\/\/www.rauvas.com\/ar\/wp-content\/uploads\/2022\/09\/55545-300x114.png 300w, https:\/\/www.rauvas.com\/ar\/wp-content\/uploads\/2022\/09\/55545-768x292.png 768w, https:\/\/www.rauvas.com\/ar\/wp-content\/uploads\/2022\/09\/55545-1536x584.png 1536w, https:\/\/www.rauvas.com\/ar\/wp-content\/uploads\/2022\/09\/55545.png 1895w\" sizes=\"(max-width: 1024px) 100vw, 1024px\" \/><\/figure>\r\n\r\n\r\n\r\n<div class=\"wp-block-safirtema-mainheading mainHeading\">\r\n<div class=\"inner\">\r\n<div class=\"icon safiricon\">\u00a0<\/div>\r\n<div class=\"text\">Hakk\u0131m\u0131zda<\/div>\r\n<\/div>\r\n<\/div>\r\n\r\n\r\n\r\n<p>2005 y\u0131l\u0131nda ba\u015flam\u0131\u015f oldu\u011fumuz ser\u00fcvenimize ara vermeksizin devam etmekteyiz. O y\u0131llarda yaz\u0131l\u0131m sekt\u00f6r\u00fc hakk\u0131nda \u00e7ok fazla kaynak bulunmamaktayd\u0131 ve bireysel anlamda yaz\u0131l\u0131m bilgisi bug\u00fcne g\u00f6re kat kat azd\u0131. Teknoloji geli\u015ftik\u00e7e bili\u015fim sekt\u00f6r\u00fc de bundan pay\u0131n\u0131 ald\u0131. Yeni dallar yeni meslekler boy g\u00f6stermeye ba\u015flad\u0131.\u00a0<strong>Rauvas Bili\u015fim ve SEO<\/strong>\u00a0hizmetleri olarak 2005\u2019den beri kaliteli bir kadro ile bili\u015fim sekt\u00f6r\u00fcn\u00fcn kapsad\u0131\u011f\u0131 t\u00fcm dallarda hizmet vermekteyiz.<\/p>\r\n\r\n\r\n\r\n<p>\u0130lk olarak \u00e7al\u0131\u015fmalar\u0131m\u0131za PhpBB tabanl\u0131 forum sistemleri ile ba\u015flad\u0131k. \u00c7\u00fcnk\u00fc 2005-2008 seneleri aras\u0131 a\u011f\u0131rl\u0131k verilen sistemler forum sistemleriydi. PhpBB d\u0131\u015f\u0131nda vbulletin, Smf, MyBB\u2019de yo\u011fun bir \u015fekilde kullan\u0131lmaktayd\u0131. T\u00fcm bu sitemlerin temasal ve eklenti baz\u0131nda geli\u015fimi ama\u00e7l\u0131 \u00e7al\u0131\u015fmalarda bulunduk. Sistemler geli\u015ftik\u00e7e geli\u015fen bu sistemlere ayak uydurmak i\u00e7in geli\u015fen sistemlerle beraber \u00e7al\u0131\u015fmalar\u0131m\u0131z\u0131 da geli\u015ftirdik. \u015eu an Web Tasar\u0131mda Landing Page, Ki\u015fisel, Kurumsal, E-ticaret, Arkada\u015fl\u0131k ve \u00d6zel \u00fcretim tasar\u0131larda \u00e7al\u0131\u015fmalar\u0131m\u0131z bulunmaktad\u0131r. Bu \u00e7al\u0131\u015fmalar dinamik bir sistem \u00fczerine kurulu olup mobil ve SEO uyumu ile m\u00fc\u015fterilerimize servis edilmektedir.<\/p>\r\n\r\n\r\n\r\n<div class=\"wp-block-safirtema-mainheading mainHeading\">\r\n<div class=\"inner\">\r\n<div class=\"icon safiricon\">\u00a0<\/div>\r\n<div class=\"text\">Uluslararas\u0131 SEO<\/div>\r\n<\/div>\r\n<\/div>\r\n\r\n\r\n\r\n<p>Yabanc\u0131 dil alan\u0131nda da geli\u015fmi\u015f olan ekibimiz her \u00fclkenin \u00e7al\u0131\u015fmalar\u0131n\u0131 takip edip yapm\u0131\u015f oldu\u011fu SEO \u00e7al\u0131\u015fmalar\u0131nda d\u00fcnyay\u0131 hedefleyerek, hedef pazar kitlesini tespit etmesi sonucu sekt\u00f6re \u00f6zel hizmet vermektedir. Yapm\u0131\u015f oldu\u011fumuz SEO \u00e7al\u0131\u015fmalar\u0131 sadece yurt i\u00e7i de\u011fil yurt d\u0131\u015f\u0131n\u0131 da kapsamaktad\u0131r.\u00a0 Son zamanlar \u00f6zellikle Almanca SEO, Arap\u00e7a SEO baz\u0131nda \u00e7ok talep almaktay\u0131z. SEO\u2019nun \u00f6nemli bir par\u00e7as\u0131 olan ve onsuz olmazsa olmaz dedi\u011fimiz \u201cGoogle hizmetleri\u201dn de \u00f6zellikle Google \u0130\u015fletmem, Google Haritalar, Google Alert, Google Merchant, Google Adsense, Google Consol, Google Analystic ve Google Plus\u2019de de sizlere profesyonel bir hizmet sunuyoruz. 2010-2012 y\u0131llar\u0131 aras\u0131nda ekip\u00e7e Google Almanya kolunda Google personeli olarak \u00e7al\u0131\u015fm\u0131\u015f olmam\u0131z bu konuda tecr\u00fcbelerimize tecr\u00fcbe katm\u0131\u015ft\u0131r.<\/p>\r\n\r\n\r\n\r\n<div class=\"wp-block-safirtema-mainheading mainHeading\">\r\n<div class=\"inner\">\r\n<div class=\"icon safiricon\">\u00a0<\/div>\r\n<div class=\"text\">E-\u0130hracat ve E-Ticaret<\/div>\r\n<\/div>\r\n<\/div>\r\n\r\n\r\n\r\n<p>\u00dclkemiz\u2019de genellikle her be\u015f KOB\u0130\u2019den bir veya ikisinin web sitesi bulunuyor. KOB\u0130 y\u00f6neticileri, y\u00f6netim kurulu ba\u015fkanlar\u0131 web sitelerinin genellikle tan\u0131t\u0131m ama\u00e7l\u0131 a\u00e7\u0131lm\u0131\u015f oldu\u011funu belirtmektedir. Sadece y\u00fczde 20\u2019si sat\u0131\u015f ama\u00e7l\u0131 web sitelerini a\u00e7maktad\u0131r ve y\u00fczde 8\u2019i hepsiburada, n11, gittigidiyor gibi sitelerde e-ticaret yapmaktad\u0131r. E-ihracat\u2019a gelince sadece y\u00fczde 1\u2019i sat\u0131\u015f eylemlerinde bulunmaktad\u0131r. \u00dclkemizde e-ticaret ve \u00f6zellikle e-ihracat hakk\u0131nda yeteri kadar kaynak olmamas\u0131ndan hizmet kategorimize E-ticaret dan\u0131\u015fmanl\u0131\u011f\u0131 ve E-ihracat dan\u0131\u015fmanl\u0131\u011f\u0131n\u0131 eklemeyi de bor\u00e7 bildik.<\/p>\r\n\r\n\r\n\r\n<p>\u00a0 \u00a0 \u00a0Sayd\u0131\u011f\u0131m\u0131z hizmetler d\u0131\u015f\u0131nda sosyal medya, metin yazarl\u0131\u011f\u0131, yabanc\u0131 dil \u00e7evirileri, grafik, video montaj, e-katalog tasar\u0131lar\u0131, m\u00fchendislik \u00e7izimleri, kurumsal kimlik, siber g\u00fcvenlik ve devlet te\u015fviklerinde de zaman\u0131n bizlere sa\u011flad\u0131\u011f\u0131 birikmi\u015flik ile yurt i\u00e7i ve yurt d\u0131\u015f\u0131 hizmet vermekteyiz.<\/p>\r\n\r\n\r\n\r\n<div class=\"wp-block-safirtema-bgtext descriptionbox railways\">\r\n<div class=\"inner\">\r\n<div class=\"icon safiricon\">\u00a0<\/div>\r\n<div class=\"header\">D\u00fcnya&#8217;ya a\u00e7\u0131lmak i\u00e7in bir ad\u0131m daha !<\/div>\r\n<div class=\"content\">Ayr\u0131nt\u0131l\u0131 bilgi i\u00e7in bizi arayabilirsiniz.<\/div>\r\n<\/div>\r\n<\/div>\r\n\r\n\r\n\r\n<p>Web tasar\u0131m, Yurt \u0130\u00e7i SEO, Yurt D\u0131\u015f\u0131 SEO, E-ihracat, E-ticaret ve m\u00fchendislik \u00e7izimlerin de uzman kadro ile.<\/p>\r\n\r\n\r\n\r\n<h1><strong>K\u0130\u015e\u0130SEL<\/strong><\/h1>\r\n\r\n\r\n\r\n<p>2005\u2019de kurulan Rauvas Bili\u015fim ve SEO \u015firketinin kurucusu O\u011fuz TET\u0130K\u2019in yaz\u0131l\u0131m ile ilk bulu\u015fmas\u0131 2005 y\u0131l\u0131nda eve ald\u0131\u011f\u0131 bilgisayar ile olmu\u015ftur. G\u00fcvenlik a\u00e7\u0131klar\u0131 ve Siber G\u00fcvenlik \u00fczerine merak\u0131 ve bunun \u00fczerine yapt\u0131\u011f\u0131 ara\u015ft\u0131rmalar sonucu yaz\u0131l\u0131m ve programlama sistemleri \u00fczerinede ilerleyi\u015f kaydetmi\u015ftir. T\u00fcrkiyenin \u00f6nde gelen Webmaster destek platformlar\u0131ndan Mjturkiye.net\u2019de 2006-2007 turkphpbb.org\u2019da 2008-2009 y\u0131l\u0131nda y\u00f6netici yetkileri alm\u0131\u015ft\u0131r ve \u00fccretli\/\u00fccretsiz d\u00fcnya geneli yaz\u0131l\u0131m \u00fczerine destekler vermi\u015ftir. 2009-2011 y\u0131llar\u0131 aras\u0131 Ayy\u0131ld\u0131z Tim G\u00fcvenlik Ordusu b\u00fcnyesinde yer alm\u0131\u015ft\u0131r.<\/p>\r\n\r\n\r\n\r\n<p>\u00a0 \u00a0 \u00a0BEU \u0130ngilizce \u00c7evirmenlik, NKU \u0130ngiliz Dili ve Edebiyat\u0131, \u0130stanbul \u00dcniversitesi \u0130\u015fletme Y\u00fcksek Lisans(\u0130ngilizce) mezunu olan kurucumuz kariyer hayat\u0131 d\u0131\u015f\u0131nda g\u00fcncel olarak doktoraya haz\u0131rlanmaktad\u0131r.<\/p>\r\n\r\n\r\n\r\n<p>&nbsp;<\/p>\r\n<div class=\"icon safiricon\">\u00a0<\/div>\r\n<p><a class=\"wp-block-safirtema-safirbutton safirButton safiricon icon18\" href=\"https:\/\/www.rauvas.com\/ar\/iletisim\" rel=\"\">B\u0130ZE ULA\u015eIN<\/a><\/p>\r\n","protected":false},"excerpt":{"rendered":"<p>2005 y\u0131l\u0131nda ba\u015flam\u0131\u015f oldu\u011fumuz ser\u00fcvenimize ara vermeksizin devam etmekteyiz. O y\u0131llarda yaz\u0131l\u0131m sekt\u00f6r\u00fc hakk\u0131nda \u00e7ok fazla kaynak bulunmamaktayd\u0131 ve bireysel anlamda yaz\u0131l\u0131m bilgisi bug\u00fcne g\u00f6re kat kat azd\u0131. Teknoloji geli\u015ftik\u00e7e bili\u015fim sekt\u00f6r\u00fc de bundan pay\u0131n\u0131 ald\u0131. Yeni dallar yeni meslekler boy g\u00f6stermeye ba\u015flad\u0131.\u00a0Rauvas Bili\u015fim ve SEO\u00a0hizmetleri olarak 2005\u2019den beri kaliteli bir kadro ile bili\u015fim sekt\u00f6r\u00fcn\u00fcn [&hellip;]<\/p>\n","protected":false},"author":1,"featured_media":0,"parent":0,"menu_order":0,"comment_status":"closed","ping_status":"closed","template":"","meta":[],"yoast_head":"<!-- This site is optimized with the Yoast SEO plugin v20.1 - https:\/\/yoast.com\/wordpress\/plugins\/seo\/ -->\n<title>About Us - Rauvas - Web Design and IT Services<\/title>\n<meta name=\"robots\" content=\"index, follow, max-snippet:-1, max-image-preview:large, max-video-preview:-1\" \/>\n<link rel=\"canonical\" href=\"https:\/\/www.rauvas.com\/ar\/about-us\/\" \/>\n<meta property=\"og:locale\" content=\"tr_TR\" \/>\n<meta property=\"og:type\" content=\"article\" \/>\n<meta property=\"og:title\" content=\"About Us - Rauvas - Web Design and IT Services\" \/>\n<meta property=\"og:description\" content=\"2005 y\u0131l\u0131nda ba\u015flam\u0131\u015f oldu\u011fumuz ser\u00fcvenimize ara vermeksizin devam etmekteyiz. O y\u0131llarda yaz\u0131l\u0131m sekt\u00f6r\u00fc hakk\u0131nda \u00e7ok fazla kaynak bulunmamaktayd\u0131 ve bireysel anlamda yaz\u0131l\u0131m bilgisi bug\u00fcne g\u00f6re kat kat azd\u0131. Teknoloji geli\u015ftik\u00e7e bili\u015fim sekt\u00f6r\u00fc de bundan pay\u0131n\u0131 ald\u0131. Yeni dallar yeni meslekler boy g\u00f6stermeye ba\u015flad\u0131.\u00a0Rauvas Bili\u015fim ve SEO\u00a0hizmetleri olarak 2005\u2019den beri kaliteli bir kadro ile bili\u015fim sekt\u00f6r\u00fcn\u00fcn [&hellip;]\" \/>\n<meta property=\"og:url\" content=\"https:\/\/www.rauvas.com\/ar\/about-us\/\" \/>\n<meta property=\"og:site_name\" content=\"Rauvas - Web Design and IT Services\" \/>\n<meta property=\"article:publisher\" content=\"https:\/\/www.facebook.com\/rauvas.design\" \/>\n<meta property=\"article:modified_time\" content=\"2022-12-25T14:46:08+00:00\" \/>\n<meta property=\"og:image\" content=\"https:\/\/www.rauvas.com\/ar\/wp-content\/uploads\/2022\/09\/55545-1024x389.png\" \/>\n<meta name=\"twitter:card\" content=\"summary_large_image\" \/>\n<meta name=\"twitter:site\" content=\"@xRAUVASx\" \/>\n<meta name=\"twitter:label1\" content=\"Tahmini okuma s\u00fcresi\" \/>\n\t<meta name=\"twitter:data1\" content=\"4 dakika\" \/>\n<script type=\"application\/ld+json\" class=\"yoast-schema-graph\">{\"@context\":\"https:\/\/schema.org\",\"@graph\":[{\"@type\":\"WebPage\",\"@id\":\"https:\/\/www.rauvas.com\/ar\/about-us\/\",\"url\":\"https:\/\/www.rauvas.com\/ar\/about-us\/\",\"name\":\"About Us - Rauvas - Web Design and IT Services\",\"isPartOf\":{\"@id\":\"https:\/\/www.rauvas.com\/ar\/#website\"},\"datePublished\":\"2020-06-03T17:55:10+00:00\",\"dateModified\":\"2022-12-25T14:46:08+00:00\",\"breadcrumb\":{\"@id\":\"https:\/\/www.rauvas.com\/ar\/about-us\/#breadcrumb\"},\"inLanguage\":\"tr\",\"potentialAction\":[{\"@type\":\"ReadAction\",\"target\":[\"https:\/\/www.rauvas.com\/ar\/about-us\/\"]}]},{\"@type\":\"BreadcrumbList\",\"@id\":\"https:\/\/www.rauvas.com\/ar\/about-us\/#breadcrumb\",\"itemListElement\":[{\"@type\":\"ListItem\",\"position\":1,\"name\":\"Anasayfa\",\"item\":\"https:\/\/www.rauvas.com\/ar\/\"},{\"@type\":\"ListItem\",\"position\":2,\"name\":\"About Us\"}]},{\"@type\":\"WebSite\",\"@id\":\"https:\/\/www.rauvas.com\/ar\/#website\",\"url\":\"https:\/\/www.rauvas.com\/ar\/\",\"name\":\"Rauvas - Web Design and IT Services\",\"description\":\"Web Design, SEO, Digital Marketing, Advertising\",\"potentialAction\":[{\"@type\":\"SearchAction\",\"target\":{\"@type\":\"EntryPoint\",\"urlTemplate\":\"https:\/\/www.rauvas.com\/ar\/?s={search_term_string}\"},\"query-input\":\"required name=search_term_string\"}],\"inLanguage\":\"tr\"}]}<\/script>\n<!-- \/ Yoast SEO plugin. -->","yoast_head_json":{"title":"About Us - Rauvas - Web Design and IT Services","robots":{"index":"index","follow":"follow","max-snippet":"max-snippet:-1","max-image-preview":"max-image-preview:large","max-video-preview":"max-video-preview:-1"},"canonical":"https:\/\/www.rauvas.com\/ar\/about-us\/","og_locale":"tr_TR","og_type":"article","og_title":"About Us - Rauvas - Web Design and IT Services","og_description":"2005 y\u0131l\u0131nda ba\u015flam\u0131\u015f oldu\u011fumuz ser\u00fcvenimize ara vermeksizin devam etmekteyiz. O y\u0131llarda yaz\u0131l\u0131m sekt\u00f6r\u00fc hakk\u0131nda \u00e7ok fazla kaynak bulunmamaktayd\u0131 ve bireysel anlamda yaz\u0131l\u0131m bilgisi bug\u00fcne g\u00f6re kat kat azd\u0131. Teknoloji geli\u015ftik\u00e7e bili\u015fim sekt\u00f6r\u00fc de bundan pay\u0131n\u0131 ald\u0131. Yeni dallar yeni meslekler boy g\u00f6stermeye ba\u015flad\u0131.\u00a0Rauvas Bili\u015fim ve SEO\u00a0hizmetleri olarak 2005\u2019den beri kaliteli bir kadro ile bili\u015fim sekt\u00f6r\u00fcn\u00fcn [&hellip;]","og_url":"https:\/\/www.rauvas.com\/ar\/about-us\/","og_site_name":"Rauvas - Web Design and IT Services","article_publisher":"https:\/\/www.facebook.com\/rauvas.design","article_modified_time":"2022-12-25T14:46:08+00:00","og_image":[{"url":"https:\/\/www.rauvas.com\/ar\/wp-content\/uploads\/2022\/09\/55545-1024x389.png"}],"twitter_card":"summary_large_image","twitter_site":"@xRAUVASx","twitter_misc":{"Tahmini okuma s\u00fcresi":"4 dakika"},"schema":{"@context":"https:\/\/schema.org","@graph":[{"@type":"WebPage","@id":"https:\/\/www.rauvas.com\/ar\/about-us\/","url":"https:\/\/www.rauvas.com\/ar\/about-us\/","name":"About Us - Rauvas - Web Design and IT Services","isPartOf":{"@id":"https:\/\/www.rauvas.com\/ar\/#website"},"datePublished":"2020-06-03T17:55:10+00:00","dateModified":"2022-12-25T14:46:08+00:00","breadcrumb":{"@id":"https:\/\/www.rauvas.com\/ar\/about-us\/#breadcrumb"},"inLanguage":"tr","potentialAction":[{"@type":"ReadAction","target":["https:\/\/www.rauvas.com\/ar\/about-us\/"]}]},{"@type":"BreadcrumbList","@id":"https:\/\/www.rauvas.com\/ar\/about-us\/#breadcrumb","itemListElement":[{"@type":"ListItem","position":1,"name":"Anasayfa","item":"https:\/\/www.rauvas.com\/ar\/"},{"@type":"ListItem","position":2,"name":"About Us"}]},{"@type":"WebSite","@id":"https:\/\/www.rauvas.com\/ar\/#website","url":"https:\/\/www.rauvas.com\/ar\/","name":"Rauvas - Web Design and IT Services","description":"Web Design, SEO, Digital Marketing, Advertising","potentialAction":[{"@type":"SearchAction","target":{"@type":"EntryPoint","urlTemplate":"https:\/\/www.rauvas.com\/ar\/?s={search_term_string}"},"query-input":"required name=search_term_string"}],"inLanguage":"tr"}]}},"_links":{"self":[{"href":"https:\/\/www.rauvas.com\/ar\/wp-json\/wp\/v2\/pages\/82"}],"collection":[{"href":"https:\/\/www.rauvas.com\/ar\/wp-json\/wp\/v2\/pages"}],"about":[{"href":"https:\/\/www.rauvas.com\/ar\/wp-json\/wp\/v2\/types\/page"}],"author":[{"embeddable":true,"href":"https:\/\/www.rauvas.com\/ar\/wp-json\/wp\/v2\/users\/1"}],"replies":[{"embeddable":true,"href":"https:\/\/www.rauvas.com\/ar\/wp-json\/wp\/v2\/comments?post=82"}],"version-history":[{"count":6,"href":"https:\/\/www.rauvas.com\/ar\/wp-json\/wp\/v2\/pages\/82\/revisions"}],"predecessor-version":[{"id":923,"href":"https:\/\/www.rauvas.com\/ar\/wp-json\/wp\/v2\/pages\/82\/revisions\/923"}],"wp:attachment":[{"href":"https:\/\/www.rauvas.com\/ar\/wp-json\/wp\/v2\/media?parent=82"}],"curies":[{"name":"wp","href":"https:\/\/api.w.org\/{rel}","templated":true}]}}